{"id":376,"date":"2024-06-10T22:12:49","date_gmt":"2024-06-11T01:12:49","guid":{"rendered":"https:\/\/senebrasilia.org.br\/?page_id=376"},"modified":"2025-06-16T22:25:49","modified_gmt":"2025-06-17T01:25:49","slug":"communique","status":"publish","type":"page","link":"https:\/\/www.senebrasilia.org.br\/index.php\/communique\/","title":{"rendered":"Communique S\u00e9n\u00e9gal"},"content":{"rendered":"\t\t<div data-elementor-type=\"wp-page\" data-elementor-id=\"376\" class=\"elementor elementor-376\">\n\t\t\t\t<div class=\"elementor-element elementor-element-76932a0 e-con-full e-flex e-con e-parent\" data-id=\"76932a0\" data-element_type=\"container\">\n\t\t\t\t<div class=\"elementor-element elementor-element-544f9aa elementor-widget elementor-widget-text-editor\" data-id=\"544f9aa\" data-element_type=\"widget\" data-widget_type=\"text-editor.default\">\n\t\t\t\t<div class=\"elementor-widget-container\">\n\t\t\t<style>\/*! elementor - v3.21.0 - 26-05-2024 *\/\n.elementor-widget-text-editor.elementor-drop-cap-view-stacked .elementor-drop-cap{background-color:#69727d;color:#fff}.elementor-widget-text-editor.elementor-drop-cap-view-framed .elementor-drop-cap{color:#69727d;border:3px solid;background-color:transparent}.elementor-widget-text-editor:not(.elementor-drop-cap-view-default) .elementor-drop-cap{margin-top:8px}.elementor-widget-text-editor:not(.elementor-drop-cap-view-default) .elementor-drop-cap-letter{width:1em;height:1em}.elementor-widget-text-editor .elementor-drop-cap{float:left;text-align:center;line-height:1;font-size:50px}.elementor-widget-text-editor .elementor-drop-cap-letter{display:inline-block}<\/style>\t\t\t\t<p>\u00a0<\/p><p><strong><u>COMMUNIQUE\u00a0 14 Juin\u00a0<\/u><\/strong><strong><u>2025<\/u><\/strong><\/p><p>Em perspective de la mise en place d\u00b4um r\u00e9pertoire actualis\u00e9 des organisations s\u00e9n\u00e9galaises \u00e9tablies dans la Juridiction (associations, dahiras ou groupements) et en vue d\u00b4asseoir um contact direct entre celles-ci et Le Minist\u00e8re de l\u00b4Int\u00e9gration africaine et des Affaires \u00e9trang\u00e8res, l\u00b4Ambassade du S\u00e9n\u00e9gal \u00e0 Brasilia invite toutes les structures regroupant nos compatriotes, formellement et l\u00e9galement reconnues par le pays d\u00b4accueil, \u00e0 fournir les informations sollicit\u00e9es sur la fiche ci-jointe et les faire parvenir \u00e0 l\u00b4adresse suivante: senebrasilia@senebrasilia.org.<a href=\"http:\/\/www.senebrasilia.org.br\/pdf\/c140625fr.pdf\" target=\"_blank\" rel=\"noopener\">En savoir plus&#8230;<\/a><\/p><p><strong><u>COMMUNIQUE\u00a0 14 Mars<\/u><\/strong><strong><u> 2025<\/u><\/strong><\/p><p>Dans le cadre du lancement des concertations nationales pous la r\u00e9forme du Service public, l\u00b4Ambassade du S\u00e9n\u00e9gal en R\u00e9publique F\u00e9d\u00e9rative du Br\u00e9sil porte \u00e0 la connaissance de la Communaut\u00e9 s\u00e9n\u00e9galaise \u00e9tablie dans la juridiction de la mise en ligne de la plateforme<a href=\"http:\/\/www.concertationsnationales.sn\" target=\"_blank\" rel=\"noopener\"> www.concertationsnationales.sn<\/a> par le Minist\u00e8re de la fonction publique et de la Reforme du Service public.<a href=\"http:\/\/www.senebrasilia.org.br\/pdf\/c140325fr.pdf\" target=\"_blank\" rel=\"noopener\">En savoir plus&#8230;<\/a><\/p><p><strong><u>COMMUNIQUE\u00a0 06 Mars<\/u><\/strong><strong><u>\u00a02024<\/u><\/strong><\/p><p>Il\u00a0est porte \u00e0 la connaissance des s\u00e9n\u00e9galais \u00e9tablis au Br\u00e9sil et em Argentine qu\u00b4em application du d\u00e9cret 2024-691 du 06 mars 2024 portant convocation du corps \u00e9lectoral pour l\u00b4\u00e9lection pr\u00e9sidentielle du 24 mars 2024, celles-ci seront organis\u00e9es sur l \u00b4\u00e9tendue de la juridiction dans les centres dont les adresses suivent.\u00a0<a href=\"http:\/\/www.senebrasilia.org.br\/pdf\/c060324fr.pdf\" target=\"_blank\" rel=\"noopener\">En savoir plus&#8230;<\/a><\/p><p><strong><u>COMMUNIQUE\u00a0 02 F\u00e9vrier<\/u><\/strong><strong><u>\u00a02024<\/u><\/strong><\/p><p>Il est porte \u00e0 l\u00b4attention de la Communaut\u00e9 s\u00e9n\u00e9galaise \u00e9tablie dans la Juridiction qu\u00b4\u00e0 compter du 19 f\u00e9vrier 2024, les Autorit\u00e9s a\u00e8roportuaires espagnoles exigent um visa de transit em Espagne, pour les titulaires de passeports ordinaires s\u00e9n\u00e9galais embarquant sur les vols commerciaux \u00e0 destination de pays n\u00b4appartenant p\u00e1s \u00e0 l\u00b4espace Schengen ou ne disposant p\u00e1s de visa Schengen y appos\u00e9 au moins deux (02) ans avant Le Voyage.\u00a0\u00a0<a href=\"http:\/\/www.senebrasilia.org.br\/pdf\/c060224fr.pdf\" target=\"_blank\" rel=\"noopener\">En savoir plus&#8230;<\/a><\/p><p><strong><u>COMMUNIQUE\u00a0 29 Mars<\/u><\/strong><strong><u>\u00a02023<\/u><\/strong><\/p><p>Il est port\u00e9 \u00e0 l\u00b4attention des ressortissants s\u00e9n\u00e9galais \u00e9tablis dans la juridiction que dans Le cadre de la mise \u00e0 disposition de cent Mille logements (100.000), dont les 20% sont em faveur de la diapora s\u00e9n\u00e9galaise, Le Minist\u00e8re des Affaires \u00e9trang\u00e8res et des S\u00e9n\u00e9galais de l\u00b4Ext\u00e9rieur et de Gestion (SAGE) Le 10 ao\u00fbt 2021:\u00a0\u00a0<a href=\"http:\/\/www.senebrasilia.org.br\/pdf\/c290323fr.pdf\" target=\"_blank\" rel=\"noopener\">En savoir plus&#8230;<\/a><\/p><p><strong><u>COMMUNIQUE\u00a0 19 Ao\u00fbt<\/u><\/strong><strong><u>\u00a02022<\/u><\/strong><\/p><p>Il est port\u00e9 \u00e0 la connaissance des s\u00e9n\u00e9galais \u00e9tablis dans la juridiction de l\u2019Ambassade du S\u00e9n\u00e9gal \u00e0 Brasilia que par communiqu\u00e9 no 5327\/UCAD\/RECT\/SG\/DAP du 27 juin 2022, le Recteur de l\u2019Universit\u00e9 Cheikh Anta Diop de Dakar informe que les d\u00e9p\u00f4ts de dossiers de demandes d\u2019\u00e9quivalence et d\u2019admission pour le compte de l\u2019ann\u00e9e acad\u00e9mique 2022-2023 se font int\u00e9gralement em ligne, depuis le 27 juin 2022, sur les adresses des plateformes ci-apr\u00e9s:\u00a0\u00a0<a href=\"http:\/\/www.senebrasilia.org.br\/pdf\/c1908222fr.pdf\" target=\"_blank\" rel=\"noopener\">En savoir plus&#8230;<\/a><\/p><p><strong><u>COMMUNIQUE\u00a0 19 Ao\u00fbt<\/u><\/strong><strong><u>\u00a02022<\/u><\/strong><\/p><p>Il est port\u00e9 \u00e0 la connaissance des s\u00e9n\u00e9galais \u00e9tablis dans la juridiction de l\u00b4Ambassade du S\u00e9n\u00e9gal \u00e0 Brasilia que la troisi\u00e8me phase du recensement des s\u00e9n\u00e9galais de la Diaspora, dite \u201c<strong>recensement communautaire volontaire<\/strong>\u201d, se tiendra du <strong>17 ao\u00fbt au 17 novembre 2022<\/strong>.\u00a0\u00a0<a href=\"http:\/\/www.senebrasilia.org.br\/pdf\/c190822fr.pdf\" target=\"_blank\" rel=\"noopener\">En savoir plus&#8230;<\/a><\/p><p><strong><u><br \/>COMMUNIQUE\u00a0 17 Avril\u00a02022<\/u><\/strong><\/p><p>Il est porte \u00e0 la connaissance des S\u00e9n\u00e9galais \u00e9tablis au Br\u00e9sil et em Argentine que, par d\u00e9cret nr 2022-240 du 14 f\u00e9vrier 2022, Il est institu\u00e9 une r\u00e9vision exceptionnelle des listes \u00e9lectorales, em vue des \u00e9lections l\u00e9gislatives du 31 juillet 2022, l\u00eas listes provisoires issues de ladite r\u00e9vision sont disponibles, pour consultation, \u00e0 l\u00b4Ambassade Du S\u00e9n\u00e9gal \u00e0 Brasilia.\u00a0\u00a0<a href=\"http:\/\/www.senebrasilia.org.br\/pdf\/c170422fr.pdf\" target=\"_blank\" rel=\"noopener\">En savoir plus&#8230;<\/a><\/p><p><strong><u>\u00a0<\/u><\/strong><\/p><p><strong><u>COMMUNIQUE\u00a0 14 D<\/u><\/strong><strong><u>\u00e9cembre 2021<\/u><\/strong><\/p><p>Avec un flux de plus em plus nombreux d\u00eas demandes\u00a0d\u00b4autorisation d\u00b4embarquer, em vue d\u00b4acc\u00e9der au territoire national s\u00e9n\u00e9galais,<br \/>ainsi que l\u00eas retards constates dans l\u00b4instroduction des dossiers par l\u00eas usagers,\u00a0Il a \u00e9t\u00e9 note des d\u00e9sagr\u00e9ments de part et \u00a0d\u00b4autre..\u00a0<a href=\"http:\/\/www.senebrasilia.org.br\/pdf\/c141221fr.pdf\" target=\"_blank\" rel=\"noopener\">En savoir plus&#8230;<\/a><\/p><p><strong><u>\u00a0<\/u><\/strong><\/p><p><strong><u>COMUNICADO\u00a0 14 de Dezembro de\u00a0\u00a02021<\/u><\/strong><\/p><p>Em raz\u00e3o do fluxo cada vez maior de pedidos de Autoriza\u00e7\u00e3o de Embarque, com vistas \u00e0 ingressarem no territ\u00f3rio nacional, e dos atrasos constatados na introdu\u00e7\u00e3o dos requerimentos por parte dos usu\u00e1rios, foram constatadas, por ambas as partes, v\u00e1rias insatisfa\u00e7\u00f5es..\u00a0<a href=\"http:\/\/www.senebrasilia.org.br\/pdf\/c141221br.pdf\" target=\"_blank\" rel=\"noopener\"><strong>Saiba mais clicando aqui&#8230;<\/strong><\/a><\/p><p><strong><u><br \/>PLANNING MISSION ITINERANTE &#8211; D\u00b4ETABLISSEMENT DES PASSEPORTS<\/u><\/strong><\/p><p>V\u00e9rifier la p\u00e9riode dans la feuille de calcul.\u00a0<a href=\"http:\/\/www.senebrasilia.org.br\/wp\/pdf\/c051120.pdf\">En\u00a0<\/a><a href=\"http:\/\/www.senebrasilia.org.br\/pdf\/c251021f.pdf\" target=\"_blank\" rel=\"noopener\">s<\/a><a href=\"http:\/\/www.senebrasilia.org.br\/wp\/pdf\/c251021f.pdf\">avoir plus&#8230;<\/a><\/p><p><strong><u>\u00a0<\/u><\/strong><\/p><p><strong><u>NOTE d\u00b4INFORMATION\u00a0 05 Novembre\u00a0\u00a02020<\/u><\/strong><\/p><p>Dans le cadre du projet de construction de 100.000 logements au S\u00e9n\u00e9gal, Monsieur le Pr\u00e9sident de la R\u00e9publique a decide d\u00b4octroyer um quota de 20% \u00e0 la communaut\u00e9 s\u00e9n\u00e9galaise vivant \u00e0 l\u00b4ext\u00e9rieur selon um processus s\u00e9curis\u00e9 et \u00e0 um co\u00fbt abordable.\u00a0<a href=\"http:\/\/www.senebrasilia.org.br\/wp\/pdf\/c051120.pdf\">En\u00a0<\/a><a href=\"http:\/\/www.senebrasilia.org.br\/wp\/pdf\/c051120.pdf\" target=\"_blank\" rel=\"noopener\">s<\/a><a href=\"http:\/\/www.senebrasilia.org.br\/pdf\/c051120.pdf\">avoir plus&#8230;<\/a><\/p><p><strong><u>CIRCULAR\u00a0 21 Outubro\u00a02020<\/u><\/strong><\/p><p>Emendas incorporadas \u00e0s disposi\u00e7\u00f5es estabelecidas no que tange \u00e0 realiza\u00e7\u00e3o do teste COVID-19, que dever\u00e1 ser feito pr\u00e9viamente ao embarque dos passageiros com destino ao Senegal. <a href=\"http:\/\/www.senebrasilia.org.br\/pdf\/c211020.pdf\" target=\"_blank\" rel=\"noopener\">Clique aqui para saber mais&#8230;<\/a><\/p><p><strong><u>CIRCULAIRE\u00a0 13 Octobre\u00a02020<\/u><\/strong><\/p><p>Pr\u00e9cisions concernant le test COVID-19 pr\u00e9alable \u00e0 l\u2019 embarquement des passagers \u00e0 destination du S\u00e9n\u00e9gal.\u00a0<a href=\"http:\/\/www.senebrasilia.org.br\/pdf\/c131020fr.pdf\" target=\"_blank\" rel=\"noopener\">En savoir plus&#8230;<\/a><\/p><p><strong><u><br \/>COMMUNIQUE\u00a0 21 Septembre \u00a02020<\/u><\/strong><\/p><p>L\u00b4Ambassade de la R\u00e9publique du S\u00e9n\u00e9gal em R\u00e9publique F\u00e9d\u00e9rative du Br\u00e9sil informe de CE qu\u00b4em raison de la pand\u00e9mie du COVID-19, le Minist\u00e8re des Mines et de la G\u00e9ologie de la R\u00e9publique du S\u00e9n\u00e9gal a decide de rep\u00f3rter \u00e0 une date ult\u00e9rieure, la t\u00eanue de 6\u00ba Salon Internacional des Mines (SIM-Senegal-2020), initialement pr\u00e9vu du 03 aou 05 novembre 2020.\u00a0<a href=\"http:\/\/www.senebrasilia.org.br\/pdf\/c210920fr.pdf\" target=\"_blank\" rel=\"noopener\">En savoir plus&#8230;<\/a><\/p><p><strong><u>COMUNICADO\u00a0 21 de Setembro de\u00a0\u00a02020<\/u><\/strong><\/p><p>A Embaixada da Rep\u00fablica do Senegal na Rep\u00fablica Federativa do Brasil informa que em raz\u00e3o da pandemia do COVID-19, o Minist\u00e9rio das Minas e da Geologia da Rep\u00fablica do Senegal decidou remarcar par uma data posterior, a realiza\u00e7\u00e3o do 6\u00ba Sal\u00e3o Internacional das Mines (SIM-Senegal-2020), inicialmente previsto para o per\u00edodo de 03 \u00e0 05 de novembro de 2020. <a href=\"http:\/\/www.senebrasilia.org.br\/pdf\/c210920br.pdf\" target=\"_blank\" rel=\"noopener\"><strong>Saiba mais clicando aqui&#8230;<\/strong><\/a><\/p><p><strong>COMMUNIQUE CONCERNANT L&#8217;ATTRIBUTION DES AIDES DU FORCECOVID19 DIASPORA<\/strong>. <a href=\"http:\/\/www.senebrasilia.org.br\/mp3\/audio1.mp3\" target=\"_blank\" rel=\"noopener\">\u00c9coutez l&#8217;audio ici\u00a0<\/a><\/p><p><strong><u>COMMUNIQUE\u00a0 08 Juillet\u00a0\u00a02020<\/u><\/strong><\/p><p>Dana le cadre de l\u2019 attribution des aides du Force Covid-19 Diaspora, les compatriotes qui ne l\u2019 ont pas encore fait sont invites \u00e0 compl\u00e9ter leur dossier sur la olateforme avec. \u00a0\u00a0<a href=\"http:\/\/www.senebrasilia.org.br\/pdf\/c080720.pdf\" target=\"_blank\" rel=\"noopener\">En savoir plus&#8230;<\/a><\/p><p><strong><u>COMMUNIQUE\u00a0 29 Juin\u00a0\u00a02020<\/u><\/strong><\/p><p>L \u00b4Ambassade de la R\u00e9publique du S\u00e9n\u00e9gal au Br\u00e9sil porte \u00e0 la connaissance de la Communaut\u00e9 s\u00e9n\u00e9galaise vivant em Am\u00e9rique latine que le onzieme lot des b\u00e9n\u00e9ficiaires du Force Covid-19 Diaspora est constitu\u00e9 des personnes figurant sur les tableaux ci-apr\u00e8s.\u00a0\u00a0<a href=\"http:\/\/www.senebrasilia.org.br\/pdf\/c290620.pdf\" target=\"_blank\" rel=\"noopener\">En savoir plus&#8230;<\/a><\/p><p><strong><u>COMMUNIQUE\u00a0 24 Juin\u00a0\u00a02020<\/u><\/strong><\/p><p>L \u00b4Ambassade de la R\u00e9publique du S\u00e9n\u00e9gal au Br\u00e9sil porte \u00e0 la connaissance de la Communaut\u00e9 s\u00e9n\u00e9galaise vivant em Am\u00e9rique latine que le dixi\u00e8me \u00a0lot des b\u00e9n\u00e9ficiaires du Force Covid-19 Diaspora est constitu\u00e9 des personnes figurant sur les tableaux ci-apr\u00e8s.\u00a0\u00a0<a href=\"http:\/\/www.senebrasilia.org.br\/pdf\/c240620.pdf\" target=\"_blank\" rel=\"noopener\">En savoir plus&#8230;<\/a><\/p><p><strong><u>COMMUNIQUE\u00a0 22 Juin\u00a0\u00a02020<\/u><\/strong><\/p><p>L \u00b4Ambassade de la R\u00e9publique du S\u00e9n\u00e9gal au Br\u00e9sil porte \u00e0 la connaissance de la Communaut\u00e9 s\u00e9n\u00e9galaise vivant em Am\u00e9rique latine que le neuvi\u00e8me lot des b\u00e9n\u00e9ficiaires du Force Covid-19 Diaspora est constitu\u00e9 des personnes figurant sur les tableaux ci-apr\u00e8s.\u00a0<a href=\"http:\/\/www.senebrasilia.org.br\/pdf\/c220620.pdf\" target=\"_blank\" rel=\"noopener\">En savoir plus&#8230;<\/a><\/p><p><strong><u>COMMUNIQUE\u00a0 17 Juin\u00a0\u00a02020<\/u><\/strong><\/p><p>L \u00b4Ambassade de la R\u00e9publique du S\u00e9n\u00e9gal au Br\u00e9sil porte \u00e0 la connaissance de la Communaut\u00e9 s\u00e9n\u00e9galaise vivant em Am\u00e9rique latine que le huiti\u00e8me lot des b\u00e9n\u00e9ficiaires du Force Covid-19 Diaspora est constitu\u00e9 des personnes figurant sur les tableaux ci-apr\u00e8s.\u00a0<a href=\"http:\/\/www.senebrasilia.org.br\/pdf\/c170620.pdf\" target=\"_blank\" rel=\"noopener\">En savoir plus&#8230;<\/a><\/p><p><strong><u>COMMUNIQUE\u00a0 15 Juin\u00a0\u00a02020<\/u><\/strong><\/p><p>L\u00b4Ambassade de la R\u00e9publique du S\u00e9n\u00e9gal au Br\u00e9sil porte \u00e0 la connaissance de la Communaut\u00e9 s\u00e9n\u00e9galaise vivant \u00a0em Am\u00e9rique latine que le septi\u00e9me lot des b\u00e9n\u00e9ficiaires du Force Covid-19 Diaspora est constitu\u00e9 des personnes figurant sur les tableaux ci-apr\u00e9s.\u00a0<a href=\"http:\/\/www.senebrasilia.org.br\/pdf\/c150620.pdf\" target=\"_blank\" rel=\"noopener\">En savoir plus&#8230;<\/a><\/p><p><strong><u>COMMUNIQUE\u00a0 10 Juin\u00a0\u00a02020<\/u><\/strong><\/p><p>L\u00b4Ambassade de la R\u00e9publique du S\u00e9n\u00e9gal au Br\u00e9sil porte \u00e0 la connaissance de la Communaut\u00e9 s\u00e9n\u00e9galaise vivant em Am\u00e9rique latine que le sixi\u00e8me \u00a0lot des b\u00e9n\u00e9ficiaires du Force Covid-19 Diaspora est constitu\u00e9 des personnes figurant sur les tableaux \u00a0ci-apr\u00e9s.\u00a0<a href=\"http:\/\/www.senebrasilia.org.br\/pdf\/c100620a.pdf\" target=\"_blank\" rel=\"noopener\">En savoir plus&#8230;<\/a><\/p><p>L\u00b4Ambassade de la R\u00e9publique du S\u00e9n\u00e9gal au Br\u00e9sil porte \u00e0 la connaissance de la Communaut\u00e9 s\u00e9n\u00e9galaise vivant em Am\u00e9rique latine que le cinqui\u00e8me lot des b\u00e9n\u00e9ficiaires du Force Covid-19 Diaspora est constitu\u00e9 des personnes ci-apr\u00e9s.\u00a0\u00a0<a href=\"http:\/\/www.senebrasilia.org.br\/pdf\/c100620.pdf\" target=\"_blank\" rel=\"noopener\">En savoir plus&#8230;<\/a><\/p><p><strong><u>COMMUNIQUE\u00a0 04 Juin\u00a0\u00a02020\u00a0<\/u><\/strong><\/p><p>Il est porte \u00e0 la connaissance de la Communaut\u00e9 s\u00e9n\u00e9galaise vivant em Am\u00e9rique latine que le quatri\u00e8me lot des b\u00e9n\u00e9ficiaires du Force Covid-19 Diaspora est constitu\u00e9 des personnes cii-apr\u00e8s.\u00a0\u00a0<a href=\"http:\/\/www.senebrasilia.org.br\/pdf\/c040620.pdf\" target=\"_blank\" rel=\"noopener\">En savoir plus&#8230;<\/a><\/p><p><strong><u>COMMUNIQUE\u00a0 27 Mai\u00a0\u00a02020<\/u><\/strong><\/p><p>Il est porte \u00e0 la connaissance de la Communaut\u00e9 s\u00e9n\u00e9galaise vivant em Am\u00e9rique latine que les inscriptions sur la plateforme Forcecovid19diaspora.sec.gouv.sn seront cl\u00f4tur\u00e9es le 31 mai 2020 \u00e0 23 heures GMT (heure dun S\u00e9n\u00e9gal).\u00a0<a href=\"http:\/\/www.senebrasilia.org.br\/pdf\/c270520.pdf\" target=\"_blank\" rel=\"noopener\">En savoir plus&#8230;<\/a><\/p><p><strong><u>COMMUNIQUE\u00a0 22 Mai\u00a0\u00a02020<\/u><\/strong><\/p><p>Il est port\u00e9 \u00e0 la connaissance de la Communaut\u00e9 s\u00e9n\u00e9galaise vivant em Am\u00e9rique latine que le troisi\u00e8me \u00a0lot des b\u00e9n\u00e9ficiaires du Force Covid-19 Diaspora est constitu\u00e9 des personnes ci-apr\u00e8s.\u00a0<a href=\"http:\/\/www.senebrasilia.org.br\/wp\/pdf\/c220520.pdf\">En sav<\/a><a href=\"http:\/\/www.senebrasilia.org.br\/pdf\/c220520.pdf\" target=\"_blank\" rel=\"noopener\">oir plus &#8230;<\/a><\/p><p><strong><u>COMMUNIQUE\u00a0 21 Mai\u00a0\u00a02020<\/u><\/strong><\/p><p>Il est port\u00e9 \u00e0 la connaissance de la Communaut\u00e9 s\u00e9n\u00e9galaise vivant em Am\u00e9rique latine que le deuxi\u00e8me lot des b\u00e9n\u00e9ficiaires du Force Covid-19 Diaspora est constitu\u00e9 des personnes ci-apr\u00e8s.\u00a0<a href=\"http:\/\/www.senebrasilia.org.br\/wp\/pdf\/c210520.pdf\">En sav<\/a><a href=\"http:\/\/www.senebrasilia.org.br\/pdf\/c210520.pdf\" target=\"_blank\" rel=\"noopener\">oir plus &#8230;<\/a><\/p><p><strong><u>COMMUNIQUE\u00a0 13 Mai\u00a0\u00a02020<\/u><\/strong><\/p><p>Il\u00a0 est port\u00e9 \u00a0\u00e0 la connaissance de la Communaut\u00e9 s\u00e9n\u00e9galaise vivant en Am\u00e9rique latine que les personnes ci-dessours list\u00e9es constituent le premier lot des b\u00e9n\u00e9ficiaires du Force Covid-19 Diaspora.\u00a0<a href=\"http:\/\/www.senebrasilia.org.br\/pdf\/c130520.pdf\" target=\"_blank\" rel=\"noopener\">En sav<\/a><a href=\"http:\/\/www.senebrasilia.org.br\/wp\/pdf\/c130520.pdf\">oir plus &#8230;<\/a><\/p><p><strong><u>COMMUNIQUE\u00a0 27 Avril 2020<\/u><\/strong><\/p><p>Dans le cadre de la lutte contre la pand\u00e9mie du COVID-19 et du soutien \u00e0 apporter aux compatriotes de la Diaspora qui r\u00e9pondent aux crit\u00e8res pr\u00e9d\u00e9finis, le Minist\u00e8re des Affaires \u00e9trang\u00e8res et des S\u00e9n\u00e9galais de l\u2019Ext\u00e9rieur a mis em place um centre d\u2019appel fonctionnant 24heures\/24 et 7jours\/7.<a href=\"http:\/\/www.senebrasilia.org.br\/wp\/pdf\/c270420.pdf\">\u00a0En sav<\/a><a href=\"http:\/\/www.senebrasilia.org.br\/pdf\/c270420.pdf\" target=\"_blank\" rel=\"noopener\">oir plus &#8230;<\/a><\/p><p><strong><u>COMMUNIQUE\u00a0 21 Avril 2020<\/u><\/strong><\/p><p>L\u2019Ambassade du S\u00e9n\u00e9gal au Br\u00e9sil invite l\u00eas compatriotes ayant d\u00e9j\u00e0 fait l\u2019enregistrement sur la plateforme d\u00e9di\u00e9e au recensement et \u00e0 la s\u00e9lection des demandeurs d\u2019aide \u00e0 transmettre une copie du courriel qui leur a \u00e9t\u00e9 envoy\u00e9 par le Minist\u00e9re des Affaires Etrang\u00e8res et S\u00e9n\u00e9galais de l\u2019Ext\u00e9rieur, tout autre document attestant de leur \u00e9ligibilit\u00e9 ainsi que le num\u00e9ro de leur dossier \u00e0 l\u2019adresse email suivante: forcecovid19brasilia@gmail.com.<a href=\"http:\/\/www.senebrasilia.org.br\/pdf\/c210420.pdf\">\u00a0En sav<\/a><a href=\"http:\/\/www.senebrasilia.org.br\/wp\/pdf\/c210420.pdf\" target=\"_blank\" rel=\"noopener\">oir plus &#8230;<\/a><\/p><p><strong><u>COMMUNIQUE\u00a0 17 Avril 2020<\/u><\/strong><\/p><p>Dans Le cadre de l\u2019assistance d\u00eas compatriotes affect\u00e9s par La pand\u00e9mie du COVID-19, le Minist\u00e8re d\u00eas Affaires \u00e9trang\u00e8res et des S\u00e9n\u00e9galais de l\u2019Ext\u00e9rieur (MAESE) a \u00e9labor\u00e9 um formulaire d\u00e9di\u00e9 au recensemente et \u00e0 La s\u00e9lection des demandeurs de l\u2019aide. Ledit formulaire ser\u00e1 disponible sur la plateforme FORCECOVID19DIASPORA.SEC.GOUV.SN \u00e0 partir du samedi 18 abril 2020.<a href=\"http:\/\/www.senebrasilia.org.br\/pdf\/c170420.pdf\">\u00a0En sav<\/a><a href=\"http:\/\/www.senebrasilia.org.br\/wp\/pdf\/c170420.pdf\" target=\"_blank\" rel=\"noopener\">oir plus &#8230;<\/a><\/p><p><strong><u>COMMUNIQUE\u00a0 14 Avril 2020<\/u><\/strong><\/p><p>Conform\u00e9ment au t\u00e9l\u00e9gramme 50029 du 10 avril 2020 relatif \u00e0 l\u00b4aide d\u2019 urgence contre La pand\u00e9mie du covid-19, um comit\u00ea de gestion preside par Madame l\u2019Ambassadeur a \u00e9t\u00e9 mis em place et est compos\u00e9 ainsi qu\u2019il suit.<a href=\"http:\/\/www.senebrasilia.org.br\/pdf\/c140420.pdf\" target=\"_blank\" rel=\"noopener\">\u00a0En sav<\/a><a href=\"http:\/\/www.senebrasilia.org.br\/wp\/pdf\/c140420.pdf\">oir plus &#8230;<\/a><\/p><p><a href=\"http:\/\/www.senebrasilia.org.br\/wp\/pdf\/c170420.pdf\">\u00a0<\/a><\/p><p><strong><u>COMMUNIQUE<\/u><\/strong><\/p><p>Le Ministere des Mines \u00a0et de la G\u00e9ologie de la R\u00e9publique \u00a0du S\u00e9n\u00e9gal organisera, \u00a0en \u00a0collaboration avec \u00a0AME \u00a0Trade \u00a0Ltd, la Sixieme (6eme) \u00a0Edition \u00a0du Salon lnternational des Mines \u00a0(SIM SENEGAL-2020) du 03 au OS Novembre 2020, \u00e0 Dakar, sous le theme :\u00a0 \u00ab Mines \u00a0\u00a0 et g\u00e9ologie : quelles retomb\u00e9es pour les communaut\u00e9s\u00bb<\/p><p>Les int\u00e9ress\u00e9s sont invit\u00e9s \u00a0\u00e0 visiter \u00a0le site<a href=\"http:\/\/www.simsenegal.com\/\">\u00a0www.simsenegal.com\u00a0<\/a>ou \u00e0 s&#8217;adresser \u00a0aux contacts\u00a0ci-apres:\u00a0\u00a0<u>rokhaya.samba@minesgeologie.gouv.sn<\/u> <a href=\"mailto:dancoberman@ametrade.org\">dancoberman@ametrade.org<\/a>.<\/p><p><strong><u>COMUNICADO<\/u><\/strong><\/p><p>O Minist\u00e9rio das Minas e da Geologia da Rep\u00fablica do Senegal est\u00e1 organizando, em parceria com a AME Trade Ltda, a Sexta (6\u00aa) Edi\u00e7\u00e3o do Sal\u00e3o Internacional das Minas (<strong>SIM SENEGAL &#8211; 2020) <\/strong>que se realizar\u00e1 no per\u00edodo de<strong> 03 \u00e0 05 de novembro de 2020<\/strong>, <strong>em Dakar<\/strong>, sob o tema: \u201cMinas e Geologia: quais as reiscid\u00eancias para as comunidades\u201d<\/p><p>Os interessados poder\u00e3o obter maiores informa\u00e7\u00f5es no site <a href=\"http:\/\/www.simsenegal.com\">www.simsenegal.com<\/a> ou dirigir-se aos seguintes contatos: <a href=\"mailto:rokhaya.samba@minesgeologie.gouv.sen\">rokhaya.samba@minesgeologie.gouv.sen<\/a> ou \u00a0<a href=\"mailto:dancoberman@ametrade.org\">dancoberman@ametrade.org<\/a>.<\/p><p><strong><u>NOMINATION D\u2019UN CONSUL HONORAIRE A S\u00c3O PAULO<\/u><\/strong>:<\/p><p>Il est port\u00e9 \u00e0 l\u2019attention des compatriotes que Monsieur Babacar BA, Pr\u00e9sident de l\u2019Association des S\u00e9n\u00e9galais de S\u00e3o Paulo, a \u00e9t\u00e9 nomm\u00e9 Consul Honoraire de la R\u00e9publique du S\u00e9n\u00e9gal dans l\u2019Etat de S\u00e3o Paulo.<\/p><p><strong><u>Nomea\u00e7\u00e3o de um Consul Honor\u00e1rio em S\u00e3o Paulo<\/u><\/strong>:<\/p><p>Estamos levando ao conhecimento dos compatriotas que o Senhor Babaca BA, Presidente da Associa\u00e7\u00e3o dos Senegaleses de S\u00e3o Paulo, foi nomeado Consul Honor\u00e1rio da Rep\u00fablica do Senegal no Estado de S\u00e3o Paulo.<\/p><p><strong><u>COMMUNIQUE<\/u><\/strong><\/p><p>Il est port\u00e9 \u00e0 l\u00b4attention des ressortissants s\u00e9n\u00e9galais \u00e9tablis dans la juridiction que dans le cadre de la mise \u00e0 disposition de cent mille logements en faveur de nos compatriotes, la plateforme <a href=\"http:\/\/www.100000logements.com\">www.100000logements.com<\/a> a \u00e9t\u00e9 cr\u00e9\u00e9e par le Minist\u00e8re de l\u00b4Urbanisme, du Logement et de l\u00b4Hygi\u00e8ne publique en vue de recenser et de proc\u00e9der \u00e0 une cartographie de la demande.<\/p><p>Les compatriotes int\u00e9ress\u00e9s peuvent s\u00b4inscrire directement sur la plateforme ou en d\u00e9posant aupr\u00e8s des services comp\u00e9tents de la Mission diplomatique, le formulaire qui sera prochainement accessible sur le site web de l\u00b4Ambassade.<\/p><p><strong><u>COMUNICADO<\/u><\/strong><\/p><p>Levamos ao conhecimento dos cidad\u00e3os senegaleses estabelecidos na jurisdi\u00e7\u00e3o que no \u00e2mbito da implementa\u00e7\u00e3o de cem mil\u00a0 Moradias em favor dos nossos compatriotas, a plataforma <a href=\"http:\/\/www.100000logements.com\">www.100000logements.com<\/a> foi criada pelo Minist\u00e9rio do Urbanismo, da Habita\u00e7\u00e3o e da Higiene P\u00fablica, com vistas ao recenseamento assim como proceder ao mapeamento da demanda.<\/p><p>Os compatriotas interessados poder\u00e3o inscrever-se diretamente na plataforma ou entregar nos servi\u00e7os competentes da Miss\u00e3o Diplom\u00e1tica, o formul\u00e1rio que estar\u00e1 em breve access\u00edvel no siteweb da Embaixada.<\/p>\t\t\t\t\t\t<\/div>\n\t\t\t\t<\/div>\n\t\t\t\t<\/div>\n\t\t\t\t<\/div>\n\t\t","protected":false},"excerpt":{"rendered":"<p>\u00a0 COMMUNIQUE\u00a0 14 Juin\u00a02025 Em perspective de la mise en place d\u00b4um r\u00e9pertoire actualis\u00e9 des organisations s\u00e9n\u00e9galaises \u00e9tablies dans la Juridiction (associations, dahiras ou groupements) et en vue d\u00b4asseoir um contact direct entre celles-ci et Le Minist\u00e8re de l\u00b4Int\u00e9gration africaine et des Affaires \u00e9trang\u00e8res, l\u00b4Ambassade du S\u00e9n\u00e9gal \u00e0 Brasilia invite toutes les structures regroupant nos [&hellip;]<\/p>\n","protected":false},"author":1,"featured_media":0,"parent":0,"menu_order":0,"comment_status":"closed","ping_status":"closed","template":"elementor_theme","meta":{"footnotes":""},"class_list":["post-376","page","type-page","status-publish","hentry"],"_links":{"self":[{"href":"https:\/\/www.senebrasilia.org.br\/index.php\/wp-json\/wp\/v2\/pages\/376","targetHints":{"allow":["GET"]}}],"collection":[{"href":"https:\/\/www.senebrasilia.org.br\/index.php\/wp-json\/wp\/v2\/pages"}],"about":[{"href":"https:\/\/www.senebrasilia.org.br\/index.php\/wp-json\/wp\/v2\/types\/page"}],"author":[{"embeddable":true,"href":"https:\/\/www.senebrasilia.org.br\/index.php\/wp-json\/wp\/v2\/users\/1"}],"replies":[{"embeddable":true,"href":"https:\/\/www.senebrasilia.org.br\/index.php\/wp-json\/wp\/v2\/comments?post=376"}],"version-history":[{"count":32,"href":"https:\/\/www.senebrasilia.org.br\/index.php\/wp-json\/wp\/v2\/pages\/376\/revisions"}],"predecessor-version":[{"id":617,"href":"https:\/\/www.senebrasilia.org.br\/index.php\/wp-json\/wp\/v2\/pages\/376\/revisions\/617"}],"wp:attachment":[{"href":"https:\/\/www.senebrasilia.org.br\/index.php\/wp-json\/wp\/v2\/media?parent=376"}],"curies":[{"name":"wp","href":"https:\/\/api.w.org\/{rel}","templated":true}]}}