{"id":702,"date":"2026-05-07T23:19:02","date_gmt":"2026-05-08T02:19:02","guid":{"rendered":"https:\/\/www.senebrasilia.org.br\/?page_id=702"},"modified":"2026-05-07T23:47:51","modified_gmt":"2026-05-08T02:47:51","slug":"jurisdicao-paises-abrangidos","status":"publish","type":"page","link":"https:\/\/www.senebrasilia.org.br\/index.php\/jurisdicao-paises-abrangidos\/","title":{"rendered":"Juridiction diplomatique"},"content":{"rendered":"\t\t<div data-elementor-type=\"wp-page\" data-elementor-id=\"702\" class=\"elementor elementor-702\">\n\t\t\t\t<div class=\"elementor-element elementor-element-1667ccf1 e-con-full e-flex e-con e-parent\" data-id=\"1667ccf1\" data-element_type=\"container\" data-e-type=\"container\">\n\t\t\t\t<div class=\"elementor-element elementor-element-ca5692d elementor-widget__width-initial elementor-widget elementor-widget-heading\" data-id=\"ca5692d\" data-element_type=\"widget\" data-e-type=\"widget\" data-widget_type=\"heading.default\">\n\t\t\t\t<div class=\"elementor-widget-container\">\n\t\t\t\t\t<h5 class=\"elementor-heading-title elementor-size-default\">La mission diplomatique \u00e0 Bras\u00edlia est charg\u00e9e de repr\u00e9senter l'\u00c9tat s\u00e9n\u00e9galais aupr\u00e8s des pays suivants&nbsp;:<\/h5>\t\t\t\t<\/div>\n\t\t\t\t<\/div>\n\t\t\t\t<\/div>\n\t\t<div class=\"elementor-element elementor-element-c11177b e-con-full e-flex e-con e-parent\" data-id=\"c11177b\" data-element_type=\"container\" data-e-type=\"container\">\n\t\t\t\t<div class=\"elementor-element elementor-element-2e28582 elementor-widget elementor-widget-text-editor\" data-id=\"2e28582\" data-element_type=\"widget\" data-e-type=\"widget\" data-widget_type=\"text-editor.default\">\n\t\t\t\t<div class=\"elementor-widget-container\">\n\t\t\t\t\t\t\t\t\t<ul>\n<li>\n<p data-path-to-node=\"18,2,1,0\"><b data-path-to-node=\"18,2,1,0\" data-index-in-node=\"0\">Chile<\/b><\/p>\n<\/li>\n<li>\n<p data-path-to-node=\"18,2,2,0\"><b data-path-to-node=\"18,2,2,0\" data-index-in-node=\"0\">Col\u00f4mbia<\/b><\/p>\n<\/li>\n<li>\n<p data-path-to-node=\"18,2,3,0\"><b data-path-to-node=\"18,2,3,0\" data-index-in-node=\"0\">Equador<\/b><\/p>\n<\/li>\n<li>\n<p data-path-to-node=\"18,2,4,0\"><b data-path-to-node=\"18,2,4,0\" data-index-in-node=\"0\">Guiana<\/b><\/p>\n<\/li>\n<li>\n<p data-path-to-node=\"18,2,5,0\"><b data-path-to-node=\"18,2,5,0\" data-index-in-node=\"0\">Peru<\/b><\/p>\n<\/li>\n<li>\n<p data-path-to-node=\"18,2,6,0\"><b data-path-to-node=\"18,2,6,0\" data-index-in-node=\"0\">Suriname<\/b><\/p>\n<\/li>\n<li>\n<p data-path-to-node=\"18,2,7,0\"><b data-path-to-node=\"18,2,7,0\" data-index-in-node=\"0\">Venezuela<\/b><\/p>\n<\/li>\n<\/ul>\t\t\t\t\t\t\t\t<\/div>\n\t\t\t\t<\/div>\n\t\t\t\t<\/div>\n\t\t\t\t<\/div>\n\t\t","protected":false},"excerpt":{"rendered":"<p>La mission diplomatique \u00e0 Bras\u00edlia est charg\u00e9e de repr\u00e9senter l&#8217;\u00c9tat s\u00e9n\u00e9galais aupr\u00e8s des pays suivants&nbsp;: Chile Col\u00f4mbia Equador Guiana Peru Suriname Venezuela<\/p>\n","protected":false},"author":1,"featured_media":0,"parent":0,"menu_order":0,"comment_status":"closed","ping_status":"closed","template":"","meta":{"footnotes":""},"class_list":["post-702","page","type-page","status-publish","hentry"],"_links":{"self":[{"href":"https:\/\/www.senebrasilia.org.br\/index.php\/wp-json\/wp\/v2\/pages\/702","targetHints":{"allow":["GET"]}}],"collection":[{"href":"https:\/\/www.senebrasilia.org.br\/index.php\/wp-json\/wp\/v2\/pages"}],"about":[{"href":"https:\/\/www.senebrasilia.org.br\/index.php\/wp-json\/wp\/v2\/types\/page"}],"author":[{"embeddable":true,"href":"https:\/\/www.senebrasilia.org.br\/index.php\/wp-json\/wp\/v2\/users\/1"}],"replies":[{"embeddable":true,"href":"https:\/\/www.senebrasilia.org.br\/index.php\/wp-json\/wp\/v2\/comments?post=702"}],"version-history":[{"count":27,"href":"https:\/\/www.senebrasilia.org.br\/index.php\/wp-json\/wp\/v2\/pages\/702\/revisions"}],"predecessor-version":[{"id":729,"href":"https:\/\/www.senebrasilia.org.br\/index.php\/wp-json\/wp\/v2\/pages\/702\/revisions\/729"}],"wp:attachment":[{"href":"https:\/\/www.senebrasilia.org.br\/index.php\/wp-json\/wp\/v2\/media?parent=702"}],"curies":[{"name":"wp","href":"https:\/\/api.w.org\/{rel}","templated":true}]}}